{"id":14506,"date":"2015-10-22T03:17:26","date_gmt":"2015-10-21T18:17:26","guid":{"rendered":"https:\/\/ginoup.com\/?page_id=14506"},"modified":"2023-07-03T17:28:47","modified_gmt":"2023-07-03T08:28:47","slug":"contact","status":"publish","type":"page","link":"https:\/\/ginoup.com\/vi\/contact\/","title":{"rendered":"LI\u00caN H\u1ec6"},"content":{"rendered":"\t\t<div data-elementor-type=\"wp-post\" data-elementor-id=\"14506\" class=\"elementor elementor-14506 elementor-87\">\n\t\t\t\t\t\t\t\t\t<section class=\"elementor-section elementor-top-section elementor-element elementor-element-3e13ad1 elementor-section-stretched elementor-section-boxed elementor-section-height-default elementor-section-height-default\" data-id=\"3e13ad1\" data-element_type=\"section\" data-settings=\"{&quot;stretch_section&quot;:&quot;section-stretched&quot;}\">\n\t\t\t\t\t\t<div class=\"elementor-container elementor-column-gap-custom\">\n\t\t\t\t\t<div class=\"elementor-column elementor-col-33 elementor-top-column elementor-element elementor-element-f25b691\" data-id=\"f25b691\" data-element_type=\"column\" data-settings=\"{&quot;background_background&quot;:&quot;classic&quot;}\">\n\t\t\t<div class=\"elementor-widget-wrap elementor-element-populated\">\n\t\t\t\t\t\t\t\t<div class=\"elementor-element elementor-element-c6f58bd iconbox-text-center elementor-widget elementor-widget-thim-icon-box\" data-id=\"c6f58bd\" data-element_type=\"widget\" data-widget_type=\"thim-icon-box.default\">\n\t\t\t\t<div class=\"elementor-widget-container\">\n\t\t\t<div class=\"thim-widget-icon-box\"><div class=\"wrapper-box-icon text-center \"><div class=\"smicon-box iconbox-top\"><div class=\"boxes-icon\"><span class=\"inner-icon\"><span class=\"icon\"><i aria-hidden=\"true\" class=\"tk tk-pin1\"><\/i><\/span><\/span><\/div><div class=\"content-inner\"><div class=\"sc-heading\"><p class=\"heading__primary\">\u0110\u1ecba ch\u1ec9<\/p><\/div><div class=\"desc-icon-box\"><div class=\"desc-content\">\u3012476-0002 \u611b\u77e5\u770c\u6771\u6d77\u5e02\u540d\u548c\u753a\u84ee\u6c601\u22121 \u84ee\u6c60\u30de\u30f3\u30b7\u30e7\u30f3<\/div><\/div><\/div><\/div><\/div><\/div>\t\t<\/div>\n\t\t\t\t<\/div>\n\t\t\t\t\t<\/div>\n\t\t<\/div>\n\t\t\t\t<div class=\"elementor-column elementor-col-33 elementor-top-column elementor-element elementor-element-7581677\" data-id=\"7581677\" data-element_type=\"column\" data-settings=\"{&quot;background_background&quot;:&quot;classic&quot;}\">\n\t\t\t<div class=\"elementor-widget-wrap elementor-element-populated\">\n\t\t\t\t\t\t\t\t<div class=\"elementor-element elementor-element-a66d183 iconbox-text-center elementor-widget elementor-widget-thim-icon-box\" data-id=\"a66d183\" data-element_type=\"widget\" data-widget_type=\"thim-icon-box.default\">\n\t\t\t\t<div class=\"elementor-widget-container\">\n\t\t\t<div class=\"thim-widget-icon-box\"><div class=\"wrapper-box-icon text-center \"><div class=\"smicon-box iconbox-top\"><div class=\"boxes-icon\"><span class=\"inner-icon\"><span class=\"icon\"><i aria-hidden=\"true\" class=\"tk tk-teacher\"><\/i><\/span><\/span><\/div><div class=\"content-inner\"><div class=\"sc-heading\"><p class=\"heading__primary\">Li\u00ean h\u1ec7<\/p><\/div><div class=\"desc-icon-box\"><div class=\"desc-content\">Facebook: <\/br>\n\u0110i\u1ec7n tho\u1ea1i: 052 - 888 - 1525 <\/br>\nPhone: 070 - 4232 - 7178 <\/br>\nMail: contact@ginoup.com<\/div><\/div><\/div><\/div><\/div><\/div>\t\t<\/div>\n\t\t\t\t<\/div>\n\t\t\t\t\t<\/div>\n\t\t<\/div>\n\t\t\t\t<div class=\"elementor-column elementor-col-33 elementor-top-column elementor-element elementor-element-77905de\" data-id=\"77905de\" data-element_type=\"column\" data-settings=\"{&quot;background_background&quot;:&quot;classic&quot;}\">\n\t\t\t<div class=\"elementor-widget-wrap elementor-element-populated\">\n\t\t\t\t\t\t\t\t<div class=\"elementor-element elementor-element-578317a iconbox-text-center elementor-widget elementor-widget-thim-icon-box\" data-id=\"578317a\" data-element_type=\"widget\" data-widget_type=\"thim-icon-box.default\">\n\t\t\t\t<div class=\"elementor-widget-container\">\n\t\t\t<div class=\"thim-widget-icon-box\"><div class=\"wrapper-box-icon text-center \"><div class=\"smicon-box iconbox-top\"><div class=\"boxes-icon\"><span class=\"inner-icon\"><span class=\"icon\"><i aria-hidden=\"true\" class=\"tk tk-clock1\"><\/i><\/span><\/span><\/div><div class=\"content-inner\"><div class=\"sc-heading\"><p class=\"heading__primary\">Th\u1eddi gian l\u00e0m vi\u1ec7c<\/p><\/div><div class=\"desc-icon-box\"><div class=\"desc-content\">Th\u1ee9 2 - Th\u1ee9 6: 09:00 - 18:00<br>\nTh\u1ee9 7 - Ch\u1ee7 nh\u1eadt: 09:00 - 18:00 <\/div><\/div><\/div><\/div><\/div><\/div>\t\t<\/div>\n\t\t\t\t<\/div>\n\t\t\t\t\t<\/div>\n\t\t<\/div>\n\t\t\t\t\t\t\t<\/div>\n\t\t<\/section>\n\t\t\t\t<section class=\"elementor-section elementor-top-section elementor-element elementor-element-d7f325f elementor-section-stretched elementor-section-boxed elementor-section-height-default elementor-section-height-default\" data-id=\"d7f325f\" data-element_type=\"section\" data-settings=\"{&quot;stretch_section&quot;:&quot;section-stretched&quot;}\">\n\t\t\t\t\t\t<div class=\"elementor-container elementor-column-gap-default\">\n\t\t\t\t\t<div class=\"elementor-column elementor-col-50 elementor-top-column elementor-element elementor-element-28e8e6e\" data-id=\"28e8e6e\" data-element_type=\"column\">\n\t\t\t<div class=\"elementor-widget-wrap elementor-element-populated\">\n\t\t\t\t\t\t\t\t<div class=\"elementor-element elementor-element-b7b87bf elementor-widget elementor-widget-heading\" data-id=\"b7b87bf\" data-element_type=\"widget\" data-widget_type=\"heading.default\">\n\t\t\t\t<div class=\"elementor-widget-container\">\n\t\t\t<style>\/*! elementor - v3.17.0 - 25-10-2023 *\/\n.elementor-heading-title{padding:0;margin:0;line-height:1}.elementor-widget-heading .elementor-heading-title[class*=elementor-size-]>a{color:inherit;font-size:inherit;line-height:inherit}.elementor-widget-heading .elementor-heading-title.elementor-size-small{font-size:15px}.elementor-widget-heading .elementor-heading-title.elementor-size-medium{font-size:19px}.elementor-widget-heading .elementor-heading-title.elementor-size-large{font-size:29px}.elementor-widget-heading .elementor-heading-title.elementor-size-xl{font-size:39px}.elementor-widget-heading .elementor-heading-title.elementor-size-xxl{font-size:59px}<\/style><h2 class=\"elementor-heading-title elementor-size-default\">V\u1ecb tr\u00ed c\u00f4ng ty tr\u00ean b\u1ea3n \u0111\u1ed3<\/h2>\t\t<\/div>\n\t\t\t\t<\/div>\n\t\t\t\t<div class=\"elementor-element elementor-element-f8ce8a6 elementor-widget elementor-widget-google_maps\" data-id=\"f8ce8a6\" data-element_type=\"widget\" data-widget_type=\"google_maps.default\">\n\t\t\t\t<div class=\"elementor-widget-container\">\n\t\t\t<style>\/*! elementor - v3.17.0 - 25-10-2023 *\/\n.elementor-widget-google_maps .elementor-widget-container{overflow:hidden}.elementor-widget-google_maps .elementor-custom-embed{line-height:0}.elementor-widget-google_maps iframe{height:300px}<\/style>\t\t<div class=\"elementor-custom-embed\">\n\t\t\t<iframe loading=\"lazy\"\n\t\t\t\t\tsrc=\"https:\/\/maps.google.com\/maps?q=%E3%80%92476-0002%20%E6%84%9B%E7%9F%A5%E7%9C%8C%E6%9D%B1%E6%B5%B7%E5%B8%82%E5%90%8D%E5%92%8C%E7%94%BA%E8%93%AE%E6%B1%A01%E2%88%921%20%E8%93%AE%E6%B1%A0%E3%83%9E%E3%83%B3%E3%82%B7%E3%83%A7%E3%83%B3&#038;t=m&#038;z=17&#038;output=embed&#038;iwloc=near\"\n\t\t\t\t\ttitle=\"\u3012476-0002 \u611b\u77e5\u770c\u6771\u6d77\u5e02\u540d\u548c\u753a\u84ee\u6c601\u22121 \u84ee\u6c60\u30de\u30f3\u30b7\u30e7\u30f3\"\n\t\t\t\t\taria-label=\"\u3012476-0002 \u611b\u77e5\u770c\u6771\u6d77\u5e02\u540d\u548c\u753a\u84ee\u6c601\u22121 \u84ee\u6c60\u30de\u30f3\u30b7\u30e7\u30f3\"\n\t\t\t><\/iframe>\n\t\t<\/div>\n\t\t\t\t<\/div>\n\t\t\t\t<\/div>\n\t\t\t\t\t<\/div>\n\t\t<\/div>\n\t\t\t\t<div class=\"elementor-column elementor-col-50 elementor-top-column elementor-element elementor-element-59d1f57\" data-id=\"59d1f57\" data-element_type=\"column\">\n\t\t\t<div class=\"elementor-widget-wrap elementor-element-populated\">\n\t\t\t\t\t\t\t\t<div class=\"elementor-element elementor-element-f16912e elementor-widget elementor-widget-heading\" data-id=\"f16912e\" data-element_type=\"widget\" data-widget_type=\"heading.default\">\n\t\t\t\t<div class=\"elementor-widget-container\">\n\t\t\t<h2 class=\"elementor-heading-title elementor-size-default\">Li\u00ean h\u1ec7 v\u1edbi ch\u00fang t\u00f4i theo form sau:<\/h2>\t\t<\/div>\n\t\t\t\t<\/div>\n\t\t\t\t<div class=\"elementor-element elementor-element-d267ac8 elementor-widget elementor-widget-thim-ekits-contact-form-7\" data-id=\"d267ac8\" data-element_type=\"widget\" data-widget_type=\"thim-ekits-contact-form-7.default\">\n\t\t\t\t<div class=\"elementor-widget-container\">\n\t\t\t\t\t\t<div class=\"thim-ekit-wpcf7\">\n\t\t\t\t\n<div class=\"wpcf7 no-js\" id=\"wpcf7-f10-o1\" lang=\"en-US\" dir=\"ltr\">\n<div class=\"screen-reader-response\"><p role=\"status\" aria-live=\"polite\" aria-atomic=\"true\"><\/p> <ul><\/ul><\/div>\n<form action=\"\/vi\/wp-json\/wp\/v2\/pages\/14506#wpcf7-f10-o1\" method=\"post\" class=\"wpcf7-form init\" aria-label=\"Contact form\" novalidate=\"novalidate\" data-status=\"init\">\n<div style=\"display: none;\">\n<input type=\"hidden\" name=\"_wpcf7\" value=\"10\" \/>\n<input type=\"hidden\" name=\"_wpcf7_version\" value=\"5.8.2\" \/>\n<input type=\"hidden\" name=\"_wpcf7_locale\" value=\"en_US\" \/>\n<input type=\"hidden\" name=\"_wpcf7_unit_tag\" value=\"wpcf7-f10-o1\" \/>\n<input type=\"hidden\" name=\"_wpcf7_container_post\" value=\"0\" \/>\n<input type=\"hidden\" name=\"_wpcf7_posted_data_hash\" value=\"\" \/>\n<\/div>\n<p><span class=\"wpcf7-form-control-wrap\" data-name=\"your-name\"><input size=\"40\" class=\"wpcf7-form-control wpcf7-text wpcf7-validates-as-required\" aria-required=\"true\" aria-invalid=\"false\" placeholder=\"T\u00ean c\u1ee7a b\u1ea1n*\" value=\"\" type=\"text\" name=\"your-name\" \/><\/span>\n<\/p>\n<p><span class=\"wpcf7-form-control-wrap\" data-name=\"your-url\"><input size=\"40\" class=\"wpcf7-form-control wpcf7-url wpcf7-validates-as-required wpcf7-text wpcf7-validates-as-url\" aria-required=\"true\" aria-invalid=\"false\" placeholder=\"URL Facebook c\u1ee7a b\u1ea1n*\" value=\"\" type=\"url\" name=\"your-url\" \/><\/span>\n<\/p>\n<p><span class=\"wpcf7-form-control-wrap\" data-name=\"your-email\"><input size=\"40\" class=\"wpcf7-form-control wpcf7-email wpcf7-text wpcf7-validates-as-email\" aria-invalid=\"false\" placeholder=\"Email\" value=\"\" type=\"email\" name=\"your-email\" \/><\/span>\n<\/p>\n<p><span class=\"wpcf7-form-control-wrap\" data-name=\"your-textarea\"><textarea cols=\"40\" rows=\"10\" class=\"wpcf7-form-control wpcf7-textarea wpcf7-validates-as-required\" aria-required=\"true\" aria-invalid=\"false\" placeholder=\"N\u1ed9i dung\" name=\"your-textarea\"><\/textarea><\/span><br \/>\n<input class=\"wpcf7-form-control wpcf7-submit has-spinner\" type=\"submit\" value=\"G\u1eedi\" \/>\n<\/p><div class=\"wpcf7-response-output\" aria-hidden=\"true\"><\/div>\n<\/form>\n<\/div>\n\t\t\t<\/div>\n\t\t\t\t<\/div>\n\t\t\t\t<\/div>\n\t\t\t\t\t<\/div>\n\t\t<\/div>\n\t\t\t\t\t\t\t<\/div>\n\t\t<\/section>\n\t\t\t\t\t\t\t<\/div>\n\t\t","protected":false},"excerpt":{"rendered":"<p>\u0110\u1ecba ch\u1ec9 \u3012476-0002 \u611b\u77e5\u770c\u6771\u6d77\u5e02\u540d\u548c\u753a\u84ee\u6c601\u22121 \u84ee\u6c60\u30de\u30f3\u30b7\u30e7\u30f3 Li\u00ean h\u1ec7 Facebook: \u0110i\u1ec7n tho\u1ea1i: 052 &#8211; 888 &#8211; 1525 Phone: 070 &#8211; 4232 &#8211; 7178 Mail: contact@ginoup.com Th\u1eddi gian l\u00e0m vi\u1ec7c Th\u1ee9 2 &#8211; Th\u1ee9 6: 09:00 &#8211; 18:00 Th\u1ee9 7 &#8211; Ch\u1ee7 nh\u1eadt: &hellip; <\/p>\n","protected":false},"author":1,"featured_media":0,"parent":0,"menu_order":0,"comment_status":"closed","ping_status":"closed","template":"","meta":{"footnotes":""},"class_list":["post-14506","page","type-page","status-publish","hentry"],"yoast_head":"<!-- This site is optimized with the Yoast SEO plugin v21.7 - https:\/\/yoast.com\/wordpress\/plugins\/seo\/ -->\n<title>LI\u00caN H\u1ec6 - Ginoup<\/title>\n<meta name=\"robots\" content=\"index, follow, max-snippet:-1, max-image-preview:large, max-video-preview:-1\" \/>\n<link rel=\"canonical\" href=\"https:\/\/ginoup.com\/vi\/contact\/\" \/>\n<meta property=\"og:locale\" content=\"vi_VN\" \/>\n<meta property=\"og:type\" content=\"article\" \/>\n<meta property=\"og:title\" content=\"LI\u00caN H\u1ec6 - Ginoup\" \/>\n<meta property=\"og:description\" content=\"\u0110\u1ecba ch\u1ec9 \u3012476-0002 \u611b\u77e5\u770c\u6771\u6d77\u5e02\u540d\u548c\u753a\u84ee\u6c601\u22121 \u84ee\u6c60\u30de\u30f3\u30b7\u30e7\u30f3 Li\u00ean h\u1ec7 Facebook: \u0110i\u1ec7n tho\u1ea1i: 052 &#8211; 888 &#8211; 1525 Phone: 070 &#8211; 4232 &#8211; 7178 Mail: contact@ginoup.com Th\u1eddi gian l\u00e0m vi\u1ec7c Th\u1ee9 2 &#8211; Th\u1ee9 6: 09:00 &#8211; 18:00 Th\u1ee9 7 &#8211; Ch\u1ee7 nh\u1eadt: &hellip;\" \/>\n<meta property=\"og:url\" content=\"https:\/\/ginoup.com\/vi\/contact\/\" \/>\n<meta property=\"og:site_name\" content=\"Ginoup\" \/>\n<meta property=\"article:publisher\" content=\"https:\/\/www.facebook.com\/groups\/tokuteigino2\" \/>\n<meta property=\"article:modified_time\" content=\"2023-07-03T08:28:47+00:00\" \/>\n<meta name=\"twitter:card\" content=\"summary_large_image\" \/>\n<script type=\"application\/ld+json\" class=\"yoast-schema-graph\">{\"@context\":\"https:\/\/schema.org\",\"@graph\":[{\"@type\":\"WebPage\",\"@id\":\"https:\/\/ginoup.com\/vi\/contact\/\",\"url\":\"https:\/\/ginoup.com\/vi\/contact\/\",\"name\":\"LI\u00caN H\u1ec6 - Ginoup\",\"isPartOf\":{\"@id\":\"https:\/\/ginoup.com\/#website\"},\"datePublished\":\"2015-10-21T18:17:26+00:00\",\"dateModified\":\"2023-07-03T08:28:47+00:00\",\"breadcrumb\":{\"@id\":\"https:\/\/ginoup.com\/vi\/contact\/#breadcrumb\"},\"inLanguage\":\"vi-VN\",\"potentialAction\":[{\"@type\":\"ReadAction\",\"target\":[\"https:\/\/ginoup.com\/vi\/contact\/\"]}]},{\"@type\":\"BreadcrumbList\",\"@id\":\"https:\/\/ginoup.com\/vi\/contact\/#breadcrumb\",\"itemListElement\":[{\"@type\":\"ListItem\",\"position\":1,\"name\":\"Home\",\"item\":\"https:\/\/ginoup.com\/vi\/\"},{\"@type\":\"ListItem\",\"position\":2,\"name\":\"LI\u00caN H\u1ec6\"}]},{\"@type\":\"WebSite\",\"@id\":\"https:\/\/ginoup.com\/#website\",\"url\":\"https:\/\/ginoup.com\/\",\"name\":\"\u30d9\u30c8\u30ca\u30e0\u4eba\u6750\u306b\u7279\u5b9a\u6280\u80fd\uff12\u53f7\u6559\u80b2\u30fb\u30c8\u30ec\u30cb\u30f3\u30fc\u30b0\",\"description\":\"Tokutei Gino\",\"publisher\":{\"@id\":\"https:\/\/ginoup.com\/#organization\"},\"potentialAction\":[{\"@type\":\"SearchAction\",\"target\":{\"@type\":\"EntryPoint\",\"urlTemplate\":\"https:\/\/ginoup.com\/?s={search_term_string}\"},\"query-input\":\"required name=search_term_string\"}],\"inLanguage\":\"vi-VN\"},{\"@type\":\"Organization\",\"@id\":\"https:\/\/ginoup.com\/#organization\",\"name\":\"\u30d9\u30c8\u30ca\u30e0\u4eba\u6750\u306b\u7279\u5b9a\u6280\u80fd\uff12\u53f7\u6559\u80b2\u30fb\u30c8\u30ec\u30cb\u30f3\u30fc\u30b0\",\"url\":\"https:\/\/ginoup.com\/\",\"logo\":{\"@type\":\"ImageObject\",\"inLanguage\":\"vi-VN\",\"@id\":\"https:\/\/ginoup.com\/#\/schema\/logo\/image\/\",\"url\":\"https:\/\/ginoup.com\/wp-content\/uploads\/2023\/09\/nen-trang_1409-1.png\",\"contentUrl\":\"https:\/\/ginoup.com\/wp-content\/uploads\/2023\/09\/nen-trang_1409-1.png\",\"width\":572,\"height\":144,\"caption\":\"\u30d9\u30c8\u30ca\u30e0\u4eba\u6750\u306b\u7279\u5b9a\u6280\u80fd\uff12\u53f7\u6559\u80b2\u30fb\u30c8\u30ec\u30cb\u30f3\u30fc\u30b0\"},\"image\":{\"@id\":\"https:\/\/ginoup.com\/#\/schema\/logo\/image\/\"},\"sameAs\":[\"https:\/\/www.facebook.com\/groups\/tokuteigino2\"]}]}<\/script>\n<!-- \/ Yoast SEO plugin. -->","yoast_head_json":{"title":"LI\u00caN H\u1ec6 - Ginoup","robots":{"index":"index","follow":"follow","max-snippet":"max-snippet:-1","max-image-preview":"max-image-preview:large","max-video-preview":"max-video-preview:-1"},"canonical":"https:\/\/ginoup.com\/vi\/contact\/","og_locale":"vi_VN","og_type":"article","og_title":"LI\u00caN H\u1ec6 - Ginoup","og_description":"\u0110\u1ecba ch\u1ec9 \u3012476-0002 \u611b\u77e5\u770c\u6771\u6d77\u5e02\u540d\u548c\u753a\u84ee\u6c601\u22121 \u84ee\u6c60\u30de\u30f3\u30b7\u30e7\u30f3 Li\u00ean h\u1ec7 Facebook: \u0110i\u1ec7n tho\u1ea1i: 052 &#8211; 888 &#8211; 1525 Phone: 070 &#8211; 4232 &#8211; 7178 Mail: contact@ginoup.com Th\u1eddi gian l\u00e0m vi\u1ec7c Th\u1ee9 2 &#8211; Th\u1ee9 6: 09:00 &#8211; 18:00 Th\u1ee9 7 &#8211; Ch\u1ee7 nh\u1eadt: &hellip;","og_url":"https:\/\/ginoup.com\/vi\/contact\/","og_site_name":"Ginoup","article_publisher":"https:\/\/www.facebook.com\/groups\/tokuteigino2","article_modified_time":"2023-07-03T08:28:47+00:00","twitter_card":"summary_large_image","schema":{"@context":"https:\/\/schema.org","@graph":[{"@type":"WebPage","@id":"https:\/\/ginoup.com\/vi\/contact\/","url":"https:\/\/ginoup.com\/vi\/contact\/","name":"LI\u00caN H\u1ec6 - Ginoup","isPartOf":{"@id":"https:\/\/ginoup.com\/#website"},"datePublished":"2015-10-21T18:17:26+00:00","dateModified":"2023-07-03T08:28:47+00:00","breadcrumb":{"@id":"https:\/\/ginoup.com\/vi\/contact\/#breadcrumb"},"inLanguage":"vi-VN","potentialAction":[{"@type":"ReadAction","target":["https:\/\/ginoup.com\/vi\/contact\/"]}]},{"@type":"BreadcrumbList","@id":"https:\/\/ginoup.com\/vi\/contact\/#breadcrumb","itemListElement":[{"@type":"ListItem","position":1,"name":"Home","item":"https:\/\/ginoup.com\/vi\/"},{"@type":"ListItem","position":2,"name":"LI\u00caN H\u1ec6"}]},{"@type":"WebSite","@id":"https:\/\/ginoup.com\/#website","url":"https:\/\/ginoup.com\/","name":"\u30d9\u30c8\u30ca\u30e0\u4eba\u6750\u306b\u7279\u5b9a\u6280\u80fd\uff12\u53f7\u6559\u80b2\u30fb\u30c8\u30ec\u30cb\u30f3\u30fc\u30b0","description":"Tokutei Gino","publisher":{"@id":"https:\/\/ginoup.com\/#organization"},"potentialAction":[{"@type":"SearchAction","target":{"@type":"EntryPoint","urlTemplate":"https:\/\/ginoup.com\/?s={search_term_string}"},"query-input":"required name=search_term_string"}],"inLanguage":"vi-VN"},{"@type":"Organization","@id":"https:\/\/ginoup.com\/#organization","name":"\u30d9\u30c8\u30ca\u30e0\u4eba\u6750\u306b\u7279\u5b9a\u6280\u80fd\uff12\u53f7\u6559\u80b2\u30fb\u30c8\u30ec\u30cb\u30f3\u30fc\u30b0","url":"https:\/\/ginoup.com\/","logo":{"@type":"ImageObject","inLanguage":"vi-VN","@id":"https:\/\/ginoup.com\/#\/schema\/logo\/image\/","url":"https:\/\/ginoup.com\/wp-content\/uploads\/2023\/09\/nen-trang_1409-1.png","contentUrl":"https:\/\/ginoup.com\/wp-content\/uploads\/2023\/09\/nen-trang_1409-1.png","width":572,"height":144,"caption":"\u30d9\u30c8\u30ca\u30e0\u4eba\u6750\u306b\u7279\u5b9a\u6280\u80fd\uff12\u53f7\u6559\u80b2\u30fb\u30c8\u30ec\u30cb\u30f3\u30fc\u30b0"},"image":{"@id":"https:\/\/ginoup.com\/#\/schema\/logo\/image\/"},"sameAs":["https:\/\/www.facebook.com\/groups\/tokuteigino2"]}]}},"_links":{"self":[{"href":"https:\/\/ginoup.com\/vi\/wp-json\/wp\/v2\/pages\/14506","targetHints":{"allow":["GET"]}}],"collection":[{"href":"https:\/\/ginoup.com\/vi\/wp-json\/wp\/v2\/pages"}],"about":[{"href":"https:\/\/ginoup.com\/vi\/wp-json\/wp\/v2\/types\/page"}],"author":[{"embeddable":true,"href":"https:\/\/ginoup.com\/vi\/wp-json\/wp\/v2\/users\/1"}],"replies":[{"embeddable":true,"href":"https:\/\/ginoup.com\/vi\/wp-json\/wp\/v2\/comments?post=14506"}],"version-history":[{"count":45,"href":"https:\/\/ginoup.com\/vi\/wp-json\/wp\/v2\/pages\/14506\/revisions"}],"predecessor-version":[{"id":14622,"href":"https:\/\/ginoup.com\/vi\/wp-json\/wp\/v2\/pages\/14506\/revisions\/14622"}],"wp:attachment":[{"href":"https:\/\/ginoup.com\/vi\/wp-json\/wp\/v2\/media?parent=14506"}],"curies":[{"name":"wp","href":"https:\/\/api.w.org\/{rel}","templated":true}]}}